{"id":690,"date":"2023-08-31T13:08:52","date_gmt":"2023-08-31T13:08:52","guid":{"rendered":"https:\/\/uchirelab.hu\/blog\/"},"modified":"2024-08-13T07:56:27","modified_gmt":"2024-08-13T07:56:27","slug":"blog","status":"publish","type":"page","link":"https:\/\/uchirelab.hu\/en\/blog\/","title":{"rendered":"Blog"},"content":{"rendered":"[vc_row type=&#8221;full_width_content&#8221; full_screen_row_position=&#8221;middle&#8221; column_margin=&#8221;default&#8221; column_direction=&#8221;default&#8221; column_direction_tablet=&#8221;default&#8221; column_direction_phone=&#8221;default&#8221; bg_color=&#8221;#ffffff&#8221; scene_position=&#8221;center&#8221; text_color=&#8221;dark&#8221; text_align=&#8221;left&#8221; row_border_radius=&#8221;none&#8221; row_border_radius_applies=&#8221;bg&#8221; overlay_strength=&#8221;0.3&#8243; gradient_direction=&#8221;left_to_right&#8221; shape_divider_position=&#8221;bottom&#8221; bg_image_animation=&#8221;none&#8221; shape_type=&#8221;&#8221;][vc_column column_padding=&#8221;no-extra-padding&#8221; column_padding_tablet=&#8221;inherit&#8221; column_padding_phone=&#8221;inherit&#8221; column_padding_position=&#8221;all&#8221; column_element_spacing=&#8221;default&#8221; background_color=&#8221;#ffffff&#8221; background_color_opacity=&#8221;1&#8243; background_hover_color_opacity=&#8221;1&#8243; background_image=&#8221;52&#8243; background_image_position=&#8221;center center&#8221; background_image_loading=&#8221;default&#8221; column_shadow=&#8221;none&#8221; column_border_radius=&#8221;none&#8221; column_link_target=&#8221;_self&#8221; enable_gradient=&#8221;true&#8221; gradient_direction=&#8221;left_to_right&#8221; overlay_strength=&#8221;0.3&#8243; width=&#8221;1\/1&#8243; tablet_width_inherit=&#8221;default&#8221; tablet_text_alignment=&#8221;default&#8221; phone_text_alignment=&#8221;default&#8221; bg_image_animation=&#8221;none&#8221; border_type=&#8221;simple&#8221; column_border_width=&#8221;none&#8221; column_border_style=&#8221;solid&#8221;][recent_posts style=&#8221;multiple_large_featured&#8221; large_featured_padding=&#8221;14%&#8221; mlf_navigation_location=&#8221;side&#8221; button_color=&#8221;Accent-Color&#8221; bg_overlay=&#8221;solid_color&#8221; category=&#8221;all&#8221; multiple_large_featured_num=&#8221;3&#8243; order=&#8221;DESC&#8221; orderby=&#8221;date&#8221; auto_rotate=&#8221;none&#8221; image_loading=&#8221;default&#8221; blog_remove_post_date=&#8221;true&#8221; blog_remove_post_author=&#8221;true&#8221; blog_remove_post_comment_number=&#8221;true&#8221; blog_remove_post_nectar_love=&#8221;true&#8221;][\/vc_column][\/vc_row][vc_row type=&#8221;in_container&#8221; full_screen_row_position=&#8221;middle&#8221; column_margin=&#8221;default&#8221; column_direction=&#8221;default&#8221; column_direction_tablet=&#8221;default&#8221; column_direction_phone=&#8221;default&#8221; scene_position=&#8221;center&#8221; text_color=&#8221;dark&#8221; text_align=&#8221;left&#8221; row_border_radius=&#8221;none&#8221; row_border_radius_applies=&#8221;bg&#8221; overlay_strength=&#8221;0.3&#8243; gradient_direction=&#8221;left_to_right&#8221; shape_divider_position=&#8221;bottom&#8221; bg_image_animation=&#8221;none&#8221;][vc_column column_padding=&#8221;no-extra-padding&#8221; column_padding_tablet=&#8221;inherit&#8221; column_padding_phone=&#8221;inherit&#8221; column_padding_position=&#8221;all&#8221; top_margin=&#8221;-5%&#8221; column_element_spacing=&#8221;default&#8221; background_color_opacity=&#8221;1&#8243; background_hover_color_opacity=&#8221;1&#8243; column_shadow=&#8221;none&#8221; column_border_radius=&#8221;none&#8221; column_link_target=&#8221;_self&#8221; gradient_direction=&#8221;left_to_right&#8221; overlay_strength=&#8221;0.3&#8243; width=&#8221;1\/1&#8243; tablet_width_inherit=&#8221;default&#8221; tablet_text_alignment=&#8221;default&#8221; phone_text_alignment=&#8221;default&#8221; bg_image_animation=&#8221;none&#8221; border_type=&#8221;simple&#8221; column_border_width=&#8221;none&#8221; column_border_style=&#8221;solid&#8221;][nectar_blog layout=&#8221;masonry-blog-fullwidth&#8221; blog_masonry_style=&#8221;material&#8221; load_in_animation=&#8221;perspective&#8221; category=&#8221;all&#8221; order=&#8221;DESC&#8221; orderby=&#8221;date&#8221; blog_remove_post_author=&#8221;true&#8221; blog_remove_post_comment_number=&#8221;true&#8221; blog_remove_post_nectar_love=&#8221;true&#8221; posts_per_page=&#8221;6&#8243; post_offset=&#8221;3&#8243;][\/vc_column][\/vc_row][vc_row type=&#8221;in_container&#8221; full_screen_row_position=&#8221;middle&#8221; column_margin=&#8221;default&#8221; column_direction=&#8221;default&#8221; column_direction_tablet=&#8221;default&#8221; column_direction_phone=&#8221;default&#8221; scene_position=&#8221;center&#8221; text_color=&#8221;dark&#8221; text_align=&#8221;left&#8221; row_border_radius=&#8221;none&#8221; row_border_radius_applies=&#8221;bg&#8221; overlay_strength=&#8221;0.3&#8243; gradient_direction=&#8221;left_to_right&#8221; shape_divider_position=&#8221;bottom&#8221; bg_image_animation=&#8221;none&#8221;][vc_column column_padding=&#8221;no-extra-padding&#8221; column_padding_tablet=&#8221;inherit&#8221; column_padding_phone=&#8221;inherit&#8221; column_padding_position=&#8221;all&#8221; column_element_spacing=&#8221;default&#8221; background_color_opacity=&#8221;1&#8243; background_hover_color_opacity=&#8221;1&#8243; column_shadow=&#8221;none&#8221; column_border_radius=&#8221;none&#8221; column_link_target=&#8221;_self&#8221; gradient_direction=&#8221;left_to_right&#8221; overlay_strength=&#8221;0.3&#8243; width=&#8221;1\/1&#8243; tablet_width_inherit=&#8221;default&#8221; tablet_text_alignment=&#8221;default&#8221; phone_text_alignment=&#8221;default&#8221; bg_image_animation=&#8221;none&#8221; border_type=&#8221;simple&#8221; column_border_width=&#8221;none&#8221; column_border_style=&#8221;solid&#8221;][nectar_global_section id=&#8221;63&#8243;][\/vc_column][\/vc_row]\n","protected":false},"excerpt":{"rendered":"<p>[vc_row type=&#8221;full_width_content&#8221; full_screen_row_position=&#8221;middle&#8221; column_margin=&#8221;default&#8221; column_direction=&#8221;default&#8221; column_direction_tablet=&#8221;default&#8221; column_direction_phone=&#8221;default&#8221; bg_color=&#8221;#ffffff&#8221; scene_position=&#8221;center&#8221; text_color=&#8221;dark&#8221; text_align=&#8221;left&#8221; row_border_radius=&#8221;none&#8221; row_border_radius_applies=&#8221;bg&#8221; overlay_strength=&#8221;0.3&#8243; gradient_direction=&#8221;left_to_right&#8221; shape_divider_position=&#8221;bottom&#8221; bg_image_animation=&#8221;none&#8221; shape_type=&#8221;&#8221;][vc_column column_padding=&#8221;no-extra-padding&#8221; column_padding_tablet=&#8221;inherit&#8221; column_padding_phone=&#8221;inherit&#8221; column_padding_position=&#8221;all&#8221; column_element_spacing=&#8221;default&#8221; background_color=&#8221;#ffffff&#8221; background_color_opacity=&#8221;1&#8243; background_hover_color_opacity=&#8221;1&#8243; background_image=&#8221;52&#8243; background_image_position=&#8221;center center&#8221; background_image_loading=&#8221;default&#8221;&#8230;<\/p>\n","protected":false},"author":3,"featured_media":0,"parent":0,"menu_order":0,"comment_status":"closed","ping_status":"closed","template":"","meta":{"footnotes":""},"class_list":["post-690","page","type-page","status-publish"],"yoast_head":"<!-- This site is optimized with the Yoast SEO plugin v27.5 - https:\/\/yoast.com\/product\/yoast-seo-wordpress\/ -->\n<title>Blog - UC Hire Lab<\/title>\n<meta name=\"description\" content=\"mpEffective recruitment strategies for success. Learn how to optimise your workforce and increase your business efficiency.\" \/>\n<meta name=\"robots\" content=\"index, follow, max-snippet:-1, max-image-preview:large, max-video-preview:-1\" \/>\n<link rel=\"canonical\" href=\"https:\/\/uchirelab.hu\/en\/blog\/\" \/>\n<meta property=\"og:locale\" content=\"en_US\" \/>\n<meta property=\"og:type\" content=\"article\" \/>\n<meta property=\"og:title\" content=\"Temporary agency blog\" \/>\n<meta property=\"og:description\" content=\"Effective recruitment strategies for success. Learn how to optimise your workforce and increase your business efficiency.\" \/>\n<meta property=\"og:url\" content=\"https:\/\/uchirelab.hu\/en\/blog\/\" \/>\n<meta property=\"og:site_name\" content=\"UC Hire Lab\" \/>\n<meta property=\"article:modified_time\" content=\"2024-08-13T07:56:27+00:00\" \/>\n<meta property=\"og:image\" content=\"https:\/\/uchirelab.hu\/wp-content\/uploads\/2023\/05\/it-contracting-2.jpg\" \/>\n<meta name=\"twitter:card\" content=\"summary_large_image\" \/>\n<meta name=\"twitter:title\" content=\"Temporary agency blog\" \/>\n<meta name=\"twitter:description\" content=\"Effective recruitment strategies for success. Learn how to optimise your workforce and increase your business efficiency.\" \/>\n<meta name=\"twitter:image\" content=\"https:\/\/uchirelab.hu\/wp-content\/uploads\/2023\/05\/it-contracting-2.jpg\" \/>\n<meta name=\"twitter:label1\" content=\"Est. reading time\" \/>\n\t<meta name=\"twitter:data1\" content=\"3 minutes\" \/>\n<script type=\"application\/ld+json\" class=\"yoast-schema-graph\">{\"@context\":\"https:\\\/\\\/schema.org\",\"@graph\":[{\"@type\":\"WebPage\",\"@id\":\"https:\\\/\\\/uchirelab.hu\\\/en\\\/blog\\\/\",\"url\":\"https:\\\/\\\/uchirelab.hu\\\/en\\\/blog\\\/\",\"name\":\"Blog - UC Hire Lab\",\"isPartOf\":{\"@id\":\"https:\\\/\\\/uchirelab.hu\\\/en\\\/#website\"},\"datePublished\":\"2023-08-31T13:08:52+00:00\",\"dateModified\":\"2024-08-13T07:56:27+00:00\",\"description\":\"mpEffective recruitment strategies for success. Learn how to optimise your workforce and increase your business efficiency.\",\"inLanguage\":\"en-US\",\"potentialAction\":[{\"@type\":\"ReadAction\",\"target\":[\"https:\\\/\\\/uchirelab.hu\\\/en\\\/blog\\\/\"]}]},{\"@type\":\"WebSite\",\"@id\":\"https:\\\/\\\/uchirelab.hu\\\/en\\\/#website\",\"url\":\"https:\\\/\\\/uchirelab.hu\\\/en\\\/\",\"name\":\"UC Hire Lab\",\"description\":\"Mi m\u00e1sk\u00e9nt gondolunk az IT munkak\u00f6lcs\u00f6nz\u00e9sre\",\"publisher\":{\"@id\":\"https:\\\/\\\/uchirelab.hu\\\/en\\\/#organization\"},\"potentialAction\":[{\"@type\":\"SearchAction\",\"target\":{\"@type\":\"EntryPoint\",\"urlTemplate\":\"https:\\\/\\\/uchirelab.hu\\\/en\\\/?s={search_term_string}\"},\"query-input\":{\"@type\":\"PropertyValueSpecification\",\"valueRequired\":true,\"valueName\":\"search_term_string\"}}],\"inLanguage\":\"en-US\"},{\"@type\":\"Organization\",\"@id\":\"https:\\\/\\\/uchirelab.hu\\\/en\\\/#organization\",\"name\":\"UC Hire Lab\",\"url\":\"https:\\\/\\\/uchirelab.hu\\\/en\\\/\",\"logo\":{\"@type\":\"ImageObject\",\"inLanguage\":\"en-US\",\"@id\":\"https:\\\/\\\/uchirelab.hu\\\/en\\\/#\\\/schema\\\/logo\\\/image\\\/\",\"url\":\"https:\\\/\\\/uchirelab.hu\\\/wp-content\\\/uploads\\\/2021\\\/12\\\/United-Consult-hirelab-logo-2.png\",\"contentUrl\":\"https:\\\/\\\/uchirelab.hu\\\/wp-content\\\/uploads\\\/2021\\\/12\\\/United-Consult-hirelab-logo-2.png\",\"width\":450,\"height\":100,\"caption\":\"UC Hire Lab\"},\"image\":{\"@id\":\"https:\\\/\\\/uchirelab.hu\\\/en\\\/#\\\/schema\\\/logo\\\/image\\\/\"}}]}<\/script>\n<!-- \/ Yoast SEO plugin. -->","yoast_head_json":{"title":"Blog - UC Hire Lab","description":"mpEffective recruitment strategies for success. Learn how to optimise your workforce and increase your business efficiency.","robots":{"index":"index","follow":"follow","max-snippet":"max-snippet:-1","max-image-preview":"max-image-preview:large","max-video-preview":"max-video-preview:-1"},"canonical":"https:\/\/uchirelab.hu\/en\/blog\/","og_locale":"en_US","og_type":"article","og_title":"Temporary agency blog","og_description":"Effective recruitment strategies for success. Learn how to optimise your workforce and increase your business efficiency.","og_url":"https:\/\/uchirelab.hu\/en\/blog\/","og_site_name":"UC Hire Lab","article_modified_time":"2024-08-13T07:56:27+00:00","og_image":[{"url":"https:\/\/uchirelab.hu\/wp-content\/uploads\/2023\/05\/it-contracting-2.jpg","type":"","width":"","height":""}],"twitter_card":"summary_large_image","twitter_title":"Temporary agency blog","twitter_description":"Effective recruitment strategies for success. Learn how to optimise your workforce and increase your business efficiency.","twitter_image":"https:\/\/uchirelab.hu\/wp-content\/uploads\/2023\/05\/it-contracting-2.jpg","twitter_misc":{"Est. reading time":"3 minutes"},"schema":{"@context":"https:\/\/schema.org","@graph":[{"@type":"WebPage","@id":"https:\/\/uchirelab.hu\/en\/blog\/","url":"https:\/\/uchirelab.hu\/en\/blog\/","name":"Blog - UC Hire Lab","isPartOf":{"@id":"https:\/\/uchirelab.hu\/en\/#website"},"datePublished":"2023-08-31T13:08:52+00:00","dateModified":"2024-08-13T07:56:27+00:00","description":"mpEffective recruitment strategies for success. Learn how to optimise your workforce and increase your business efficiency.","inLanguage":"en-US","potentialAction":[{"@type":"ReadAction","target":["https:\/\/uchirelab.hu\/en\/blog\/"]}]},{"@type":"WebSite","@id":"https:\/\/uchirelab.hu\/en\/#website","url":"https:\/\/uchirelab.hu\/en\/","name":"UC Hire Lab","description":"Mi m\u00e1sk\u00e9nt gondolunk az IT munkak\u00f6lcs\u00f6nz\u00e9sre","publisher":{"@id":"https:\/\/uchirelab.hu\/en\/#organization"},"potentialAction":[{"@type":"SearchAction","target":{"@type":"EntryPoint","urlTemplate":"https:\/\/uchirelab.hu\/en\/?s={search_term_string}"},"query-input":{"@type":"PropertyValueSpecification","valueRequired":true,"valueName":"search_term_string"}}],"inLanguage":"en-US"},{"@type":"Organization","@id":"https:\/\/uchirelab.hu\/en\/#organization","name":"UC Hire Lab","url":"https:\/\/uchirelab.hu\/en\/","logo":{"@type":"ImageObject","inLanguage":"en-US","@id":"https:\/\/uchirelab.hu\/en\/#\/schema\/logo\/image\/","url":"https:\/\/uchirelab.hu\/wp-content\/uploads\/2021\/12\/United-Consult-hirelab-logo-2.png","contentUrl":"https:\/\/uchirelab.hu\/wp-content\/uploads\/2021\/12\/United-Consult-hirelab-logo-2.png","width":450,"height":100,"caption":"UC Hire Lab"},"image":{"@id":"https:\/\/uchirelab.hu\/en\/#\/schema\/logo\/image\/"}}]}},"_links":{"self":[{"href":"https:\/\/uchirelab.hu\/en\/wp-json\/wp\/v2\/pages\/690","targetHints":{"allow":["GET"]}}],"collection":[{"href":"https:\/\/uchirelab.hu\/en\/wp-json\/wp\/v2\/pages"}],"about":[{"href":"https:\/\/uchirelab.hu\/en\/wp-json\/wp\/v2\/types\/page"}],"author":[{"embeddable":true,"href":"https:\/\/uchirelab.hu\/en\/wp-json\/wp\/v2\/users\/3"}],"replies":[{"embeddable":true,"href":"https:\/\/uchirelab.hu\/en\/wp-json\/wp\/v2\/comments?post=690"}],"version-history":[{"count":3,"href":"https:\/\/uchirelab.hu\/en\/wp-json\/wp\/v2\/pages\/690\/revisions"}],"predecessor-version":[{"id":693,"href":"https:\/\/uchirelab.hu\/en\/wp-json\/wp\/v2\/pages\/690\/revisions\/693"}],"wp:attachment":[{"href":"https:\/\/uchirelab.hu\/en\/wp-json\/wp\/v2\/media?parent=690"}],"curies":[{"name":"wp","href":"https:\/\/api.w.org\/{rel}","templated":true}]}}