{"id":596,"date":"2023-05-15T13:53:33","date_gmt":"2023-05-15T13:53:33","guid":{"rendered":"https:\/\/uchirelab.hu\/it-contracting\/"},"modified":"2024-05-16T09:24:37","modified_gmt":"2024-05-16T09:24:37","slug":"it-contracting","status":"publish","type":"page","link":"https:\/\/uchirelab.hu\/en\/it-contracting\/","title":{"rendered":"IT Contracting"},"content":{"rendered":"[vc_row type=&#8221;full_width_background&#8221; full_screen_row_position=&#8221;middle&#8221; column_margin=&#8221;default&#8221; column_direction=&#8221;default&#8221; column_direction_tablet=&#8221;default&#8221; column_direction_phone=&#8221;default&#8221; bg_image=&#8221;257&#8243; bg_position=&#8221;center center&#8221; background_image_loading=&#8221;default&#8221; bg_repeat=&#8221;no-repeat&#8221; scene_position=&#8221;center&#8221; top_padding=&#8221;200&#8243; bottom_padding=&#8221;200&#8243; top_padding_tablet=&#8221;100&#8243; bottom_padding_tablet=&#8221;100&#8243; text_color=&#8221;dark&#8221; text_align=&#8221;center&#8221; row_border_radius=&#8221;none&#8221; row_border_radius_applies=&#8221;bg&#8221; color_overlay=&#8221;#0a0a0a&#8221; color_overlay_2=&#8221;#0a0a0a&#8221; overlay_strength=&#8221;0.5&#8243; gradient_direction=&#8221;left_to_right&#8221; enable_shape_divider=&#8221;true&#8221; shape_divider_position=&#8221;bottom&#8221; shape_divider_height=&#8221;150px&#8221; bg_image_animation=&#8221;none&#8221; shape_type=&#8221;tilt&#8221;][vc_column column_padding=&#8221;no-extra-padding&#8221; column_padding_tablet=&#8221;inherit&#8221; column_padding_phone=&#8221;inherit&#8221; column_padding_position=&#8221;all&#8221; column_element_spacing=&#8221;default&#8221; background_color_opacity=&#8221;1&#8243; background_hover_color_opacity=&#8221;1&#8243; column_shadow=&#8221;none&#8221; column_border_radius=&#8221;none&#8221; column_link_target=&#8221;_self&#8221; gradient_direction=&#8221;left_to_right&#8221; overlay_strength=&#8221;0.3&#8243; width=&#8221;1\/1&#8243; tablet_width_inherit=&#8221;default&#8221; tablet_text_alignment=&#8221;default&#8221; phone_text_alignment=&#8221;default&#8221; bg_image_animation=&#8221;none&#8221; border_type=&#8221;simple&#8221; column_border_width=&#8221;none&#8221; column_border_style=&#8221;solid&#8221;][vc_custom_heading text=&#8221;IT Contracting&#8221; font_container=&#8221;tag:h1|font_size:33px|text_align:center|color:%23ffffff|line_height:47px&#8221; use_theme_fonts=&#8221;yes&#8221; css=&#8221;.vc_custom_1684938687784{margin-bottom: 20px !important;}&#8221;][vc_column_text]\n<p style=\"text-align: center;\"><span style=\"color: rgba(255,255,255,.9); font-size: 1.3rem; line-height: 1.5em;\">If you need IT specialists on a periodic basis or for specific projects, we can provide you with the essential skills through our IT contracting services.<\/span><\/p>\n[\/vc_column_text][\/vc_column][\/vc_row][vc_row type=&#8221;full_width_background&#8221; full_screen_row_position=&#8221;middle&#8221; column_margin=&#8221;40px&#8221; equal_height=&#8221;yes&#8221; content_placement=&#8221;middle&#8221; column_direction=&#8221;default&#8221; column_direction_tablet=&#8221;default&#8221; column_direction_phone=&#8221;default&#8221; bg_image=&#8221;34&#8243; bg_position=&#8221;right center&#8221; background_image_loading=&#8221;default&#8221; bg_repeat=&#8221;no-repeat&#8221; scene_position=&#8221;center&#8221; top_padding=&#8221;50&#8243; bottom_padding=&#8221;50&#8243; text_color=&#8221;dark&#8221; text_align=&#8221;left&#8221; row_border_radius=&#8221;none&#8221; row_border_radius_applies=&#8221;bg&#8221; class=&#8221;row-bg-size-contain&#8221; overlay_strength=&#8221;0.3&#8243; gradient_direction=&#8221;left_to_right&#8221; shape_divider_position=&#8221;bottom&#8221; bg_image_animation=&#8221;none&#8221; shape_type=&#8221;&#8221;][vc_column column_padding=&#8221;no-extra-padding&#8221; column_padding_tablet=&#8221;inherit&#8221; column_padding_phone=&#8221;inherit&#8221; column_padding_position=&#8221;all&#8221; column_element_spacing=&#8221;default&#8221; background_color_opacity=&#8221;1&#8243; background_hover_color_opacity=&#8221;1&#8243; column_shadow=&#8221;none&#8221; column_border_radius=&#8221;none&#8221; column_link_target=&#8221;_self&#8221; gradient_direction=&#8221;left_to_right&#8221; overlay_strength=&#8221;0.3&#8243; width=&#8221;1\/2&#8243; tablet_width_inherit=&#8221;default&#8221; tablet_text_alignment=&#8221;default&#8221; phone_text_alignment=&#8221;default&#8221; bg_image_animation=&#8221;none&#8221; border_type=&#8221;simple&#8221; column_border_width=&#8221;none&#8221; column_border_style=&#8221;solid&#8221;][image_with_animation image_url=&#8221;258&#8243; animation=&#8221;Fade In&#8221; hover_animation=&#8221;none&#8221; alignment=&#8221;&#8221; border_radius=&#8221;none&#8221; box_shadow=&#8221;none&#8221; image_loading=&#8221;default&#8221; max_width=&#8221;100%&#8221; max_width_mobile=&#8221;default&#8221;][\/vc_column][vc_column column_padding=&#8221;no-extra-padding&#8221; column_padding_tablet=&#8221;inherit&#8221; column_padding_phone=&#8221;inherit&#8221; column_padding_position=&#8221;all&#8221; column_element_spacing=&#8221;default&#8221; background_color_opacity=&#8221;1&#8243; background_hover_color_opacity=&#8221;1&#8243; column_shadow=&#8221;none&#8221; column_border_radius=&#8221;none&#8221; column_link_target=&#8221;_self&#8221; gradient_direction=&#8221;left_to_right&#8221; overlay_strength=&#8221;0.3&#8243; width=&#8221;1\/2&#8243; tablet_width_inherit=&#8221;default&#8221; tablet_text_alignment=&#8221;default&#8221; phone_text_alignment=&#8221;default&#8221; bg_image_animation=&#8221;none&#8221; border_type=&#8221;simple&#8221; column_border_width=&#8221;none&#8221; column_border_style=&#8221;solid&#8221;][vc_custom_heading text=&#8221;How can we help?&#8221; font_container=&#8221;tag:h2|font_size:31px|text_align:left|color:%23e6953a|line_height:45px&#8221; use_theme_fonts=&#8221;yes&#8221; css=&#8221;.vc_custom_1684162839237{margin-bottom: 40px !important;}&#8221;][vc_column_text]Our group is active in a wide range of business segments (such as telecommunication, healthcare, finance and banking, information security, Big Data, or Salesforce). We charge a daily rate for the work of our skilled and experienced employees based on the number of working days completed, at no other cost to the client. Payment for professional work can also be paid on a project basis according to the needs of our clients. In this case, we determine the project fee as a Fixed Time \/ Fixed Price sum, taking into account the professional content and deadlines.[\/vc_column_text][nectar_cta btn_style=&#8221;arrow-animation&#8221; heading_tag=&#8221;h6&#8243; text_color=&#8221;#ffffff&#8221; button_color=&#8221;accent-color&#8221; button_color_hover=&#8221;#e5953a&#8221; link_type=&#8221;regular&#8221; alignment=&#8221;left&#8221; alignment_tablet=&#8221;default&#8221; alignment_phone=&#8221;default&#8221; display=&#8221;block&#8221; link_text=&#8221;Contact us&#8221; url=&#8221;https:\/\/united-consult.hu\/united-consult\/kapcsolat-united-consult\/&#8221; margin_top=&#8221;50&#8243; margin_bottom=&#8221;50&#8243; padding_top=&#8221;20&#8243; padding_bottom=&#8221;20&#8243; padding_left=&#8221;15&#8243; padding_right=&#8221;15&#8243;][\/vc_column][\/vc_row][vc_row type=&#8221;in_container&#8221; full_screen_row_position=&#8221;middle&#8221; column_margin=&#8221;default&#8221; column_direction=&#8221;default&#8221; column_direction_tablet=&#8221;default&#8221; column_direction_phone=&#8221;default&#8221; scene_position=&#8221;center&#8221; text_color=&#8221;dark&#8221; text_align=&#8221;left&#8221; row_border_radius=&#8221;none&#8221; row_border_radius_applies=&#8221;bg&#8221; overlay_strength=&#8221;0.3&#8243; gradient_direction=&#8221;left_to_right&#8221; shape_divider_position=&#8221;bottom&#8221; bg_image_animation=&#8221;none&#8221;][vc_column column_padding=&#8221;no-extra-padding&#8221; column_padding_tablet=&#8221;inherit&#8221; column_padding_phone=&#8221;inherit&#8221; column_padding_position=&#8221;all&#8221; column_element_spacing=&#8221;default&#8221; background_color_opacity=&#8221;1&#8243; background_hover_color_opacity=&#8221;1&#8243; column_shadow=&#8221;none&#8221; column_border_radius=&#8221;none&#8221; column_link_target=&#8221;_self&#8221; gradient_direction=&#8221;left_to_right&#8221; overlay_strength=&#8221;0.3&#8243; width=&#8221;1\/1&#8243; tablet_width_inherit=&#8221;default&#8221; tablet_text_alignment=&#8221;default&#8221; phone_text_alignment=&#8221;default&#8221; bg_image_animation=&#8221;none&#8221; border_type=&#8221;simple&#8221; column_border_width=&#8221;none&#8221; column_border_style=&#8221;solid&#8221;][nectar_global_section id=&#8221;626&#8243;][\/vc_column][\/vc_row]\n","protected":false},"excerpt":{"rendered":"<p>[vc_row type=&#8221;full_width_background&#8221; full_screen_row_position=&#8221;middle&#8221; column_margin=&#8221;default&#8221; column_direction=&#8221;default&#8221; column_direction_tablet=&#8221;default&#8221; column_direction_phone=&#8221;default&#8221; bg_image=&#8221;257&#8243; bg_position=&#8221;center center&#8221; background_image_loading=&#8221;default&#8221; bg_repeat=&#8221;no-repeat&#8221; scene_position=&#8221;center&#8221; top_padding=&#8221;200&#8243; bottom_padding=&#8221;200&#8243; top_padding_tablet=&#8221;100&#8243; bottom_padding_tablet=&#8221;100&#8243; text_color=&#8221;dark&#8221; text_align=&#8221;center&#8221; row_border_radius=&#8221;none&#8221; row_border_radius_applies=&#8221;bg&#8221; color_overlay=&#8221;#0a0a0a&#8221; color_overlay_2=&#8221;#0a0a0a&#8221; overlay_strength=&#8221;0.5&#8243; gradient_direction=&#8221;left_to_right&#8221; enable_shape_divider=&#8221;true&#8221; shape_divider_position=&#8221;bottom&#8221; shape_divider_height=&#8221;150px&#8221; bg_image_animation=&#8221;none&#8221; shape_type=&#8221;tilt&#8221;][vc_column&#8230;<\/p>\n","protected":false},"author":4,"featured_media":0,"parent":0,"menu_order":0,"comment_status":"closed","ping_status":"closed","template":"","meta":{"footnotes":""},"class_list":["post-596","page","type-page","status-publish"],"yoast_head":"<!-- This site is optimized with the Yoast SEO plugin v27.5 - https:\/\/yoast.com\/product\/yoast-seo-wordpress\/ -->\n<title>IT Contracting - UC Hire Lab<\/title>\n<meta name=\"robots\" content=\"index, follow, max-snippet:-1, max-image-preview:large, max-video-preview:-1\" \/>\n<link rel=\"canonical\" href=\"https:\/\/uchirelab.hu\/en\/it-contracting\/\" \/>\n<meta property=\"og:locale\" content=\"en_US\" \/>\n<meta property=\"og:type\" content=\"article\" \/>\n<meta property=\"og:title\" content=\"IT Contracting - UC Hire Lab\" \/>\n<meta property=\"og:description\" content=\"[vc_row type=&#8221;full_width_background&#8221; full_screen_row_position=&#8221;middle&#8221; column_margin=&#8221;default&#8221; column_direction=&#8221;default&#8221; column_direction_tablet=&#8221;default&#8221; column_direction_phone=&#8221;default&#8221; bg_image=&#8221;257&#8243; bg_position=&#8221;center center&#8221; background_image_loading=&#8221;default&#8221; bg_repeat=&#8221;no-repeat&#8221; scene_position=&#8221;center&#8221; top_padding=&#8221;200&#8243; bottom_padding=&#8221;200&#8243; top_padding_tablet=&#8221;100&#8243; bottom_padding_tablet=&#8221;100&#8243; text_color=&#8221;dark&#8221; text_align=&#8221;center&#8221; row_border_radius=&#8221;none&#8221; row_border_radius_applies=&#8221;bg&#8221; color_overlay=&#8221;#0a0a0a&#8221; color_overlay_2=&#8221;#0a0a0a&#8221; overlay_strength=&#8221;0.5&#8243; gradient_direction=&#8221;left_to_right&#8221; enable_shape_divider=&#8221;true&#8221; shape_divider_position=&#8221;bottom&#8221; shape_divider_height=&#8221;150px&#8221; bg_image_animation=&#8221;none&#8221; shape_type=&#8221;tilt&#8221;][vc_column...\" \/>\n<meta property=\"og:url\" content=\"https:\/\/uchirelab.hu\/en\/it-contracting\/\" \/>\n<meta property=\"og:site_name\" content=\"UC Hire Lab\" \/>\n<meta property=\"article:modified_time\" content=\"2024-05-16T09:24:37+00:00\" \/>\n<meta name=\"twitter:card\" content=\"summary_large_image\" \/>\n<meta name=\"twitter:label1\" content=\"Est. reading time\" \/>\n\t<meta name=\"twitter:data1\" content=\"3 minutes\" \/>\n<script type=\"application\/ld+json\" class=\"yoast-schema-graph\">{\"@context\":\"https:\\\/\\\/schema.org\",\"@graph\":[{\"@type\":\"WebPage\",\"@id\":\"https:\\\/\\\/uchirelab.hu\\\/en\\\/it-contracting\\\/\",\"url\":\"https:\\\/\\\/uchirelab.hu\\\/en\\\/it-contracting\\\/\",\"name\":\"IT Contracting - UC Hire Lab\",\"isPartOf\":{\"@id\":\"https:\\\/\\\/uchirelab.hu\\\/en\\\/#website\"},\"datePublished\":\"2023-05-15T13:53:33+00:00\",\"dateModified\":\"2024-05-16T09:24:37+00:00\",\"inLanguage\":\"en-US\",\"potentialAction\":[{\"@type\":\"ReadAction\",\"target\":[\"https:\\\/\\\/uchirelab.hu\\\/en\\\/it-contracting\\\/\"]}]},{\"@type\":\"WebSite\",\"@id\":\"https:\\\/\\\/uchirelab.hu\\\/en\\\/#website\",\"url\":\"https:\\\/\\\/uchirelab.hu\\\/en\\\/\",\"name\":\"UC Hire Lab\",\"description\":\"Mi m\u00e1sk\u00e9nt gondolunk az IT munkak\u00f6lcs\u00f6nz\u00e9sre\",\"publisher\":{\"@id\":\"https:\\\/\\\/uchirelab.hu\\\/en\\\/#organization\"},\"potentialAction\":[{\"@type\":\"SearchAction\",\"target\":{\"@type\":\"EntryPoint\",\"urlTemplate\":\"https:\\\/\\\/uchirelab.hu\\\/en\\\/?s={search_term_string}\"},\"query-input\":{\"@type\":\"PropertyValueSpecification\",\"valueRequired\":true,\"valueName\":\"search_term_string\"}}],\"inLanguage\":\"en-US\"},{\"@type\":\"Organization\",\"@id\":\"https:\\\/\\\/uchirelab.hu\\\/en\\\/#organization\",\"name\":\"UC Hire Lab\",\"url\":\"https:\\\/\\\/uchirelab.hu\\\/en\\\/\",\"logo\":{\"@type\":\"ImageObject\",\"inLanguage\":\"en-US\",\"@id\":\"https:\\\/\\\/uchirelab.hu\\\/en\\\/#\\\/schema\\\/logo\\\/image\\\/\",\"url\":\"https:\\\/\\\/uchirelab.hu\\\/wp-content\\\/uploads\\\/2021\\\/12\\\/United-Consult-hirelab-logo-2.png\",\"contentUrl\":\"https:\\\/\\\/uchirelab.hu\\\/wp-content\\\/uploads\\\/2021\\\/12\\\/United-Consult-hirelab-logo-2.png\",\"width\":450,\"height\":100,\"caption\":\"UC Hire Lab\"},\"image\":{\"@id\":\"https:\\\/\\\/uchirelab.hu\\\/en\\\/#\\\/schema\\\/logo\\\/image\\\/\"}}]}<\/script>\n<!-- \/ Yoast SEO plugin. -->","yoast_head_json":{"title":"IT Contracting - UC Hire Lab","robots":{"index":"index","follow":"follow","max-snippet":"max-snippet:-1","max-image-preview":"max-image-preview:large","max-video-preview":"max-video-preview:-1"},"canonical":"https:\/\/uchirelab.hu\/en\/it-contracting\/","og_locale":"en_US","og_type":"article","og_title":"IT Contracting - UC Hire Lab","og_description":"[vc_row type=&#8221;full_width_background&#8221; full_screen_row_position=&#8221;middle&#8221; column_margin=&#8221;default&#8221; column_direction=&#8221;default&#8221; column_direction_tablet=&#8221;default&#8221; column_direction_phone=&#8221;default&#8221; bg_image=&#8221;257&#8243; bg_position=&#8221;center center&#8221; background_image_loading=&#8221;default&#8221; bg_repeat=&#8221;no-repeat&#8221; scene_position=&#8221;center&#8221; top_padding=&#8221;200&#8243; bottom_padding=&#8221;200&#8243; top_padding_tablet=&#8221;100&#8243; bottom_padding_tablet=&#8221;100&#8243; text_color=&#8221;dark&#8221; text_align=&#8221;center&#8221; row_border_radius=&#8221;none&#8221; row_border_radius_applies=&#8221;bg&#8221; color_overlay=&#8221;#0a0a0a&#8221; color_overlay_2=&#8221;#0a0a0a&#8221; overlay_strength=&#8221;0.5&#8243; gradient_direction=&#8221;left_to_right&#8221; enable_shape_divider=&#8221;true&#8221; shape_divider_position=&#8221;bottom&#8221; shape_divider_height=&#8221;150px&#8221; bg_image_animation=&#8221;none&#8221; shape_type=&#8221;tilt&#8221;][vc_column...","og_url":"https:\/\/uchirelab.hu\/en\/it-contracting\/","og_site_name":"UC Hire Lab","article_modified_time":"2024-05-16T09:24:37+00:00","twitter_card":"summary_large_image","twitter_misc":{"Est. reading time":"3 minutes"},"schema":{"@context":"https:\/\/schema.org","@graph":[{"@type":"WebPage","@id":"https:\/\/uchirelab.hu\/en\/it-contracting\/","url":"https:\/\/uchirelab.hu\/en\/it-contracting\/","name":"IT Contracting - UC Hire Lab","isPartOf":{"@id":"https:\/\/uchirelab.hu\/en\/#website"},"datePublished":"2023-05-15T13:53:33+00:00","dateModified":"2024-05-16T09:24:37+00:00","inLanguage":"en-US","potentialAction":[{"@type":"ReadAction","target":["https:\/\/uchirelab.hu\/en\/it-contracting\/"]}]},{"@type":"WebSite","@id":"https:\/\/uchirelab.hu\/en\/#website","url":"https:\/\/uchirelab.hu\/en\/","name":"UC Hire Lab","description":"Mi m\u00e1sk\u00e9nt gondolunk az IT munkak\u00f6lcs\u00f6nz\u00e9sre","publisher":{"@id":"https:\/\/uchirelab.hu\/en\/#organization"},"potentialAction":[{"@type":"SearchAction","target":{"@type":"EntryPoint","urlTemplate":"https:\/\/uchirelab.hu\/en\/?s={search_term_string}"},"query-input":{"@type":"PropertyValueSpecification","valueRequired":true,"valueName":"search_term_string"}}],"inLanguage":"en-US"},{"@type":"Organization","@id":"https:\/\/uchirelab.hu\/en\/#organization","name":"UC Hire Lab","url":"https:\/\/uchirelab.hu\/en\/","logo":{"@type":"ImageObject","inLanguage":"en-US","@id":"https:\/\/uchirelab.hu\/en\/#\/schema\/logo\/image\/","url":"https:\/\/uchirelab.hu\/wp-content\/uploads\/2021\/12\/United-Consult-hirelab-logo-2.png","contentUrl":"https:\/\/uchirelab.hu\/wp-content\/uploads\/2021\/12\/United-Consult-hirelab-logo-2.png","width":450,"height":100,"caption":"UC Hire Lab"},"image":{"@id":"https:\/\/uchirelab.hu\/en\/#\/schema\/logo\/image\/"}}]}},"_links":{"self":[{"href":"https:\/\/uchirelab.hu\/en\/wp-json\/wp\/v2\/pages\/596","targetHints":{"allow":["GET"]}}],"collection":[{"href":"https:\/\/uchirelab.hu\/en\/wp-json\/wp\/v2\/pages"}],"about":[{"href":"https:\/\/uchirelab.hu\/en\/wp-json\/wp\/v2\/types\/page"}],"author":[{"embeddable":true,"href":"https:\/\/uchirelab.hu\/en\/wp-json\/wp\/v2\/users\/4"}],"replies":[{"embeddable":true,"href":"https:\/\/uchirelab.hu\/en\/wp-json\/wp\/v2\/comments?post=596"}],"version-history":[{"count":5,"href":"https:\/\/uchirelab.hu\/en\/wp-json\/wp\/v2\/pages\/596\/revisions"}],"predecessor-version":[{"id":640,"href":"https:\/\/uchirelab.hu\/en\/wp-json\/wp\/v2\/pages\/596\/revisions\/640"}],"wp:attachment":[{"href":"https:\/\/uchirelab.hu\/en\/wp-json\/wp\/v2\/media?parent=596"}],"curies":[{"name":"wp","href":"https:\/\/api.w.org\/{rel}","templated":true}]}}